{"id":53,"date":"2021-12-08T10:18:22","date_gmt":"2021-12-08T10:18:22","guid":{"rendered":"https:\/\/warpelmeisen.ch\/?page_id=53"},"modified":"2022-11-12T14:30:28","modified_gmt":"2022-11-12T14:30:28","slug":"futter-staemmchen","status":"publish","type":"page","link":"https:\/\/warpelmeisen.ch\/?page_id=53","title":{"rendered":"Die Fett-St\u00e4mmchen"},"content":{"rendered":"\n<figure class=\"wp-block-gallery has-nested-images columns-default is-cropped wp-block-gallery-1 is-layout-flex wp-block-gallery-is-layout-flex\">\n<figure class=\"wp-block-image size-large\"><img loading=\"lazy\" decoding=\"async\" width=\"781\" height=\"1024\" data-id=\"265\" src=\"https:\/\/warpelmeisen.ch\/wp-content\/uploads\/2022\/01\/IMG_20211228_170106_resized_20220103_122141240-781x1024.jpg\" alt=\"\" class=\"wp-image-265\" srcset=\"https:\/\/warpelmeisen.ch\/wp-content\/uploads\/2022\/01\/IMG_20211228_170106_resized_20220103_122141240-781x1024.jpg 781w, https:\/\/warpelmeisen.ch\/wp-content\/uploads\/2022\/01\/IMG_20211228_170106_resized_20220103_122141240-229x300.jpg 229w, https:\/\/warpelmeisen.ch\/wp-content\/uploads\/2022\/01\/IMG_20211228_170106_resized_20220103_122141240-768x1007.jpg 768w, https:\/\/warpelmeisen.ch\/wp-content\/uploads\/2022\/01\/IMG_20211228_170106_resized_20220103_122141240-1172x1536.jpg 1172w, https:\/\/warpelmeisen.ch\/wp-content\/uploads\/2022\/01\/IMG_20211228_170106_resized_20220103_122141240-1562x2048.jpg 1562w, https:\/\/warpelmeisen.ch\/wp-content\/uploads\/2022\/01\/IMG_20211228_170106_resized_20220103_122141240-scaled.jpg 1953w\" sizes=\"auto, (max-width: 781px) 100vw, 781px\" \/><\/figure>\n<\/figure>\n\n\n\n<p>Oftmals findet man in den D\u00f6rfern die bekannten \u00bbMeisenkn\u00f6del\u00ab. Teilweise werden sie so produziert, dass diese durch die enthaltenen Konservierungsmittel nicht ranzig werden und somit f\u00fcr V\u00f6gel richtig ungeniessbar sind. (Halbarkeit fast \u00bbunbegrenzt\u00ab) <\/p>\n\n\n\n<p>Daher werden die Warpelmeisen wahrhaft in Gourmet-Stil verw\u00f6hnt.<\/p>\n\n\n\n<figure class=\"wp-block-gallery has-nested-images columns-default is-cropped wp-block-gallery-2 is-layout-flex wp-block-gallery-is-layout-flex\">\n<figure class=\"wp-block-image size-large\"><img loading=\"lazy\" decoding=\"async\" width=\"768\" height=\"1024\" data-id=\"163\" src=\"https:\/\/warpelmeisen.ch\/wp-content\/uploads\/2021\/12\/IMG_20211206_123627-768x1024.jpg\" alt=\"\" class=\"wp-image-163\" srcset=\"https:\/\/warpelmeisen.ch\/wp-content\/uploads\/2021\/12\/IMG_20211206_123627-768x1024.jpg 768w, https:\/\/warpelmeisen.ch\/wp-content\/uploads\/2021\/12\/IMG_20211206_123627-225x300.jpg 225w, https:\/\/warpelmeisen.ch\/wp-content\/uploads\/2021\/12\/IMG_20211206_123627-1152x1536.jpg 1152w, https:\/\/warpelmeisen.ch\/wp-content\/uploads\/2021\/12\/IMG_20211206_123627-1536x2048.jpg 1536w, https:\/\/warpelmeisen.ch\/wp-content\/uploads\/2021\/12\/IMG_20211206_123627-scaled.jpg 1920w\" sizes=\"auto, (max-width: 768px) 100vw, 768px\" \/><\/figure>\n\n\n\n<figure class=\"wp-block-image size-large\"><img loading=\"lazy\" decoding=\"async\" width=\"768\" height=\"1024\" data-id=\"160\" src=\"https:\/\/warpelmeisen.ch\/wp-content\/uploads\/2021\/12\/Futtersta\u0308mmchen-1-768x1024.jpg\" alt=\"\" class=\"wp-image-160\" srcset=\"https:\/\/warpelmeisen.ch\/wp-content\/uploads\/2021\/12\/Futtersta\u0308mmchen-1-768x1024.jpg 768w, https:\/\/warpelmeisen.ch\/wp-content\/uploads\/2021\/12\/Futtersta\u0308mmchen-1-225x300.jpg 225w, https:\/\/warpelmeisen.ch\/wp-content\/uploads\/2021\/12\/Futtersta\u0308mmchen-1-1152x1536.jpg 1152w, https:\/\/warpelmeisen.ch\/wp-content\/uploads\/2021\/12\/Futtersta\u0308mmchen-1-1536x2048.jpg 1536w, https:\/\/warpelmeisen.ch\/wp-content\/uploads\/2021\/12\/Futtersta\u0308mmchen-1-scaled.jpg 1920w\" sizes=\"auto, (max-width: 768px) 100vw, 768px\" \/><\/figure>\n\n\n\n<figure class=\"wp-block-image size-large\"><img loading=\"lazy\" decoding=\"async\" width=\"1024\" height=\"768\" data-id=\"275\" src=\"https:\/\/warpelmeisen.ch\/wp-content\/uploads\/2022\/01\/IMG_20211117_124858-1024x768.jpg\" alt=\"\" class=\"wp-image-275\" srcset=\"https:\/\/warpelmeisen.ch\/wp-content\/uploads\/2022\/01\/IMG_20211117_124858-1024x768.jpg 1024w, https:\/\/warpelmeisen.ch\/wp-content\/uploads\/2022\/01\/IMG_20211117_124858-300x225.jpg 300w, https:\/\/warpelmeisen.ch\/wp-content\/uploads\/2022\/01\/IMG_20211117_124858-768x576.jpg 768w, https:\/\/warpelmeisen.ch\/wp-content\/uploads\/2022\/01\/IMG_20211117_124858-1536x1152.jpg 1536w, https:\/\/warpelmeisen.ch\/wp-content\/uploads\/2022\/01\/IMG_20211117_124858-2048x1536.jpg 2048w, https:\/\/warpelmeisen.ch\/wp-content\/uploads\/2022\/01\/IMG_20211117_124858-400x300.jpg 400w\" sizes=\"auto, (max-width: 1024px) 100vw, 1024px\" \/><\/figure>\n\n\n\n<figure class=\"wp-block-image size-large\"><img loading=\"lazy\" decoding=\"async\" width=\"768\" height=\"1024\" data-id=\"347\" src=\"https:\/\/warpelmeisen.ch\/wp-content\/uploads\/2022\/01\/IMG_20211214_151617-768x1024.jpg\" alt=\"\" class=\"wp-image-347\" srcset=\"https:\/\/warpelmeisen.ch\/wp-content\/uploads\/2022\/01\/IMG_20211214_151617-768x1024.jpg 768w, https:\/\/warpelmeisen.ch\/wp-content\/uploads\/2022\/01\/IMG_20211214_151617-225x300.jpg 225w, https:\/\/warpelmeisen.ch\/wp-content\/uploads\/2022\/01\/IMG_20211214_151617-1152x1536.jpg 1152w, https:\/\/warpelmeisen.ch\/wp-content\/uploads\/2022\/01\/IMG_20211214_151617-1536x2048.jpg 1536w, https:\/\/warpelmeisen.ch\/wp-content\/uploads\/2022\/01\/IMG_20211214_151617-scaled.jpg 1920w\" sizes=\"auto, (max-width: 768px) 100vw, 768px\" \/><\/figure>\n\n\n\n<figure class=\"wp-block-image size-large\"><img loading=\"lazy\" decoding=\"async\" width=\"768\" height=\"1024\" data-id=\"348\" src=\"https:\/\/warpelmeisen.ch\/wp-content\/uploads\/2022\/01\/IMG_20211221_105640-768x1024.jpg\" alt=\"\" class=\"wp-image-348\" srcset=\"https:\/\/warpelmeisen.ch\/wp-content\/uploads\/2022\/01\/IMG_20211221_105640-768x1024.jpg 768w, https:\/\/warpelmeisen.ch\/wp-content\/uploads\/2022\/01\/IMG_20211221_105640-225x300.jpg 225w, https:\/\/warpelmeisen.ch\/wp-content\/uploads\/2022\/01\/IMG_20211221_105640-1152x1536.jpg 1152w, https:\/\/warpelmeisen.ch\/wp-content\/uploads\/2022\/01\/IMG_20211221_105640-1536x2048.jpg 1536w, https:\/\/warpelmeisen.ch\/wp-content\/uploads\/2022\/01\/IMG_20211221_105640-scaled.jpg 1920w\" sizes=\"auto, (max-width: 768px) 100vw, 768px\" \/><\/figure>\n<\/figure>\n\n\n\n<p>Die Fett-St\u00e4mmchen haben einen Durchmesser von ca. 5-10 cm und sind ca. 40cm lang. F\u00fcr die Aufh\u00e4ngung wurde ein ganz simpler Unterteller, der als Wetterschutz dient, verwendet. Ein Haken erm\u00f6glicht es diese \u00bbFett-St\u00e4mmli\u00ab am Futtergalgen aufh\u00e4ngen zu k\u00f6nnen.<\/p>\n\n\n\n<figure class=\"wp-block-gallery has-nested-images columns-default is-cropped wp-block-gallery-3 is-layout-flex wp-block-gallery-is-layout-flex\">\n<figure class=\"wp-block-image size-large\"><img loading=\"lazy\" decoding=\"async\" width=\"768\" height=\"1024\" data-id=\"402\" src=\"https:\/\/warpelmeisen.ch\/wp-content\/uploads\/2022\/01\/IMG_20211127_104832-768x1024.jpg\" alt=\"\" class=\"wp-image-402\" srcset=\"https:\/\/warpelmeisen.ch\/wp-content\/uploads\/2022\/01\/IMG_20211127_104832-768x1024.jpg 768w, https:\/\/warpelmeisen.ch\/wp-content\/uploads\/2022\/01\/IMG_20211127_104832-225x300.jpg 225w, https:\/\/warpelmeisen.ch\/wp-content\/uploads\/2022\/01\/IMG_20211127_104832-1152x1536.jpg 1152w, https:\/\/warpelmeisen.ch\/wp-content\/uploads\/2022\/01\/IMG_20211127_104832-1536x2048.jpg 1536w, https:\/\/warpelmeisen.ch\/wp-content\/uploads\/2022\/01\/IMG_20211127_104832-scaled.jpg 1920w\" sizes=\"auto, (max-width: 768px) 100vw, 768px\" \/><\/figure>\n\n\n\n<figure class=\"wp-block-image size-large\"><img loading=\"lazy\" decoding=\"async\" width=\"768\" height=\"1024\" data-id=\"403\" src=\"https:\/\/warpelmeisen.ch\/wp-content\/uploads\/2022\/01\/IMG_20211127_104810-768x1024.jpg\" alt=\"\" class=\"wp-image-403\" srcset=\"https:\/\/warpelmeisen.ch\/wp-content\/uploads\/2022\/01\/IMG_20211127_104810-768x1024.jpg 768w, https:\/\/warpelmeisen.ch\/wp-content\/uploads\/2022\/01\/IMG_20211127_104810-225x300.jpg 225w, https:\/\/warpelmeisen.ch\/wp-content\/uploads\/2022\/01\/IMG_20211127_104810-1152x1536.jpg 1152w, https:\/\/warpelmeisen.ch\/wp-content\/uploads\/2022\/01\/IMG_20211127_104810-1536x2048.jpg 1536w, https:\/\/warpelmeisen.ch\/wp-content\/uploads\/2022\/01\/IMG_20211127_104810-scaled.jpg 1920w\" sizes=\"auto, (max-width: 768px) 100vw, 768px\" \/><\/figure>\n<figcaption class=\"blocks-gallery-caption wp-element-caption\">F\u00fcr die Fettmischung wird tierisches Fett ausgelassen und dann mit pflanzlichem Fett und einer K\u00f6rnermischung vermengt. Die aus diesem Prozess entstandenen \u00bbGrieben\/Gr\u00fcben\u00ab, werden vom Hersteller der Mischung gerne selbst f\u00fcr R\u00f6sti verwendet, wie in alten Zeiten.<\/figcaption><\/figure>\n\n\n\n<p><\/p>\n\n\n\n<p><strong><span class=\"has-inline-color has-accent-2-color\">Auch bei anderen Besuchern sind die St\u00e4mmchen sehr beliebt:<\/span><\/strong><\/p>\n\n\n\n<figure class=\"wp-block-gallery has-nested-images columns-1 is-cropped wp-block-gallery-4 is-layout-flex wp-block-gallery-is-layout-flex\">\n<figure class=\"wp-block-image size-large\"><img loading=\"lazy\" decoding=\"async\" width=\"1024\" height=\"768\" data-id=\"453\" src=\"https:\/\/warpelmeisen.ch\/wp-content\/uploads\/2022\/01\/IMG_20220112_174154-1024x768.jpg\" alt=\"\" class=\"wp-image-453\" srcset=\"https:\/\/warpelmeisen.ch\/wp-content\/uploads\/2022\/01\/IMG_20220112_174154-1024x768.jpg 1024w, https:\/\/warpelmeisen.ch\/wp-content\/uploads\/2022\/01\/IMG_20220112_174154-300x225.jpg 300w, https:\/\/warpelmeisen.ch\/wp-content\/uploads\/2022\/01\/IMG_20220112_174154-768x576.jpg 768w, https:\/\/warpelmeisen.ch\/wp-content\/uploads\/2022\/01\/IMG_20220112_174154-1536x1152.jpg 1536w, https:\/\/warpelmeisen.ch\/wp-content\/uploads\/2022\/01\/IMG_20220112_174154-2048x1536.jpg 2048w, https:\/\/warpelmeisen.ch\/wp-content\/uploads\/2022\/01\/IMG_20220112_174154-400x300.jpg 400w\" sizes=\"auto, (max-width: 1024px) 100vw, 1024px\" \/><\/figure>\n<\/figure>\n\n\n\n<p><\/p>\n\n\n\n<figure class=\"wp-block-gallery has-nested-images columns-default is-cropped wp-block-gallery-5 is-layout-flex wp-block-gallery-is-layout-flex\">\n<figure class=\"wp-block-image size-large\"><img loading=\"lazy\" decoding=\"async\" width=\"768\" height=\"1024\" data-id=\"454\" src=\"https:\/\/warpelmeisen.ch\/wp-content\/uploads\/2022\/01\/IMG_20211214_182446-Kopie-768x1024.jpg\" alt=\"\" class=\"wp-image-454\" srcset=\"https:\/\/warpelmeisen.ch\/wp-content\/uploads\/2022\/01\/IMG_20211214_182446-Kopie-768x1024.jpg 768w, https:\/\/warpelmeisen.ch\/wp-content\/uploads\/2022\/01\/IMG_20211214_182446-Kopie-225x300.jpg 225w, https:\/\/warpelmeisen.ch\/wp-content\/uploads\/2022\/01\/IMG_20211214_182446-Kopie-1152x1536.jpg 1152w, https:\/\/warpelmeisen.ch\/wp-content\/uploads\/2022\/01\/IMG_20211214_182446-Kopie-1536x2048.jpg 1536w, https:\/\/warpelmeisen.ch\/wp-content\/uploads\/2022\/01\/IMG_20211214_182446-Kopie-scaled.jpg 1920w\" sizes=\"auto, (max-width: 768px) 100vw, 768px\" \/><\/figure>\n\n\n\n<figure class=\"wp-block-image size-large\"><img loading=\"lazy\" decoding=\"async\" width=\"1024\" height=\"632\" data-id=\"450\" src=\"https:\/\/warpelmeisen.ch\/wp-content\/uploads\/2022\/01\/IMG_20220113_160909-scaled-e1668258355270-1024x632.jpg\" alt=\"\" class=\"wp-image-450\" srcset=\"https:\/\/warpelmeisen.ch\/wp-content\/uploads\/2022\/01\/IMG_20220113_160909-scaled-e1668258355270-1024x632.jpg 1024w, https:\/\/warpelmeisen.ch\/wp-content\/uploads\/2022\/01\/IMG_20220113_160909-scaled-e1668258355270-300x185.jpg 300w, https:\/\/warpelmeisen.ch\/wp-content\/uploads\/2022\/01\/IMG_20220113_160909-scaled-e1668258355270-768x474.jpg 768w, https:\/\/warpelmeisen.ch\/wp-content\/uploads\/2022\/01\/IMG_20220113_160909-scaled-e1668258355270-1536x948.jpg 1536w, https:\/\/warpelmeisen.ch\/wp-content\/uploads\/2022\/01\/IMG_20220113_160909-scaled-e1668258355270-2048x1264.jpg 2048w, https:\/\/warpelmeisen.ch\/wp-content\/uploads\/2022\/01\/IMG_20220113_160909-scaled-e1668258355270-421x260.jpg 421w\" sizes=\"auto, (max-width: 1024px) 100vw, 1024px\" \/><\/figure>\n\n\n\n<figure class=\"wp-block-image size-large\"><img loading=\"lazy\" decoding=\"async\" width=\"768\" height=\"1024\" data-id=\"449\" src=\"https:\/\/warpelmeisen.ch\/wp-content\/uploads\/2022\/01\/IMG_20220111_164910-768x1024.jpg\" alt=\"\" class=\"wp-image-449\" srcset=\"https:\/\/warpelmeisen.ch\/wp-content\/uploads\/2022\/01\/IMG_20220111_164910-768x1024.jpg 768w, https:\/\/warpelmeisen.ch\/wp-content\/uploads\/2022\/01\/IMG_20220111_164910-225x300.jpg 225w, https:\/\/warpelmeisen.ch\/wp-content\/uploads\/2022\/01\/IMG_20220111_164910-1152x1536.jpg 1152w, https:\/\/warpelmeisen.ch\/wp-content\/uploads\/2022\/01\/IMG_20220111_164910-1536x2048.jpg 1536w, https:\/\/warpelmeisen.ch\/wp-content\/uploads\/2022\/01\/IMG_20220111_164910-scaled.jpg 1920w\" sizes=\"auto, (max-width: 768px) 100vw, 768px\" \/><figcaption class=\"wp-element-caption\">Eichh\u00f6rnchen m\u00f6gen Fett-St\u00e4mmchen<\/figcaption><\/figure>\n<\/figure>\n\n\n\n<figure class=\"wp-block-gallery has-nested-images columns-default is-cropped wp-block-gallery-6 is-layout-flex wp-block-gallery-is-layout-flex\">\n<figure class=\"wp-block-image size-large\"><img loading=\"lazy\" decoding=\"async\" width=\"768\" height=\"1024\" data-id=\"600\" src=\"https:\/\/warpelmeisen.ch\/wp-content\/uploads\/2022\/01\/IMG_20221112_151719-768x1024.jpg\" alt=\"\" class=\"wp-image-600\" srcset=\"https:\/\/warpelmeisen.ch\/wp-content\/uploads\/2022\/01\/IMG_20221112_151719-768x1024.jpg 768w, https:\/\/warpelmeisen.ch\/wp-content\/uploads\/2022\/01\/IMG_20221112_151719-225x300.jpg 225w, https:\/\/warpelmeisen.ch\/wp-content\/uploads\/2022\/01\/IMG_20221112_151719-1152x1536.jpg 1152w, https:\/\/warpelmeisen.ch\/wp-content\/uploads\/2022\/01\/IMG_20221112_151719-1536x2048.jpg 1536w, https:\/\/warpelmeisen.ch\/wp-content\/uploads\/2022\/01\/IMG_20221112_151719-scaled.jpg 1920w\" sizes=\"auto, (max-width: 768px) 100vw, 768px\" \/><figcaption class=\"wp-element-caption\">Rothkehlchen<\/figcaption><\/figure>\n\n\n\n<figure class=\"wp-block-image size-large\"><img loading=\"lazy\" decoding=\"async\" width=\"768\" height=\"1024\" data-id=\"599\" src=\"https:\/\/warpelmeisen.ch\/wp-content\/uploads\/2022\/01\/IMG_20221112_151411-768x1024.jpg\" alt=\"\" class=\"wp-image-599\" srcset=\"https:\/\/warpelmeisen.ch\/wp-content\/uploads\/2022\/01\/IMG_20221112_151411-768x1024.jpg 768w, https:\/\/warpelmeisen.ch\/wp-content\/uploads\/2022\/01\/IMG_20221112_151411-225x300.jpg 225w, https:\/\/warpelmeisen.ch\/wp-content\/uploads\/2022\/01\/IMG_20221112_151411-1152x1536.jpg 1152w, https:\/\/warpelmeisen.ch\/wp-content\/uploads\/2022\/01\/IMG_20221112_151411-1536x2048.jpg 1536w, https:\/\/warpelmeisen.ch\/wp-content\/uploads\/2022\/01\/IMG_20221112_151411-scaled.jpg 1920w\" sizes=\"auto, (max-width: 768px) 100vw, 768px\" \/><figcaption class=\"wp-element-caption\">Amsel, m\u00e4nnlich<\/figcaption><\/figure>\n<\/figure>\n\n\n\n<p><strong><span class=\"has-inline-color has-accent-2-color\">Gestohlen:<\/span><\/strong><\/p>\n\n\n\n<p>Unsere Fett-St\u00e4mmchen erfreuen sich solch hoher Beliebtheit, dass bereits 3 St\u00fcck geklaut wurden!! Aber unser Trost \u2013 sie k\u00f6nnen nicht zweckentfremdet werden und dienen halt einfach an einem anderen Ort den V\u00f6geln.<\/p>\n","protected":false},"excerpt":{"rendered":"<p>Oftmals findet man in den D\u00f6rfern die bekannten \u00bbMeisenkn\u00f6del\u00ab. Teilweise werden sie so produziert, dass diese durch die enthaltenen Konservierungsmittel nicht ranzig werden und somit &hellip;<\/p>\n","protected":false},"author":1,"featured_media":440,"parent":0,"menu_order":5,"comment_status":"closed","ping_status":"closed","template":"","meta":{"footnotes":""},"class_list":["post-53","page","type-page","status-publish","has-post-thumbnail","hentry"],"_links":{"self":[{"href":"https:\/\/warpelmeisen.ch\/index.php?rest_route=\/wp\/v2\/pages\/53","targetHints":{"allow":["GET"]}}],"collection":[{"href":"https:\/\/warpelmeisen.ch\/index.php?rest_route=\/wp\/v2\/pages"}],"about":[{"href":"https:\/\/warpelmeisen.ch\/index.php?rest_route=\/wp\/v2\/types\/page"}],"author":[{"embeddable":true,"href":"https:\/\/warpelmeisen.ch\/index.php?rest_route=\/wp\/v2\/users\/1"}],"replies":[{"embeddable":true,"href":"https:\/\/warpelmeisen.ch\/index.php?rest_route=%2Fwp%2Fv2%2Fcomments&post=53"}],"version-history":[{"count":28,"href":"https:\/\/warpelmeisen.ch\/index.php?rest_route=\/wp\/v2\/pages\/53\/revisions"}],"predecessor-version":[{"id":603,"href":"https:\/\/warpelmeisen.ch\/index.php?rest_route=\/wp\/v2\/pages\/53\/revisions\/603"}],"wp:featuredmedia":[{"embeddable":true,"href":"https:\/\/warpelmeisen.ch\/index.php?rest_route=\/wp\/v2\/media\/440"}],"wp:attachment":[{"href":"https:\/\/warpelmeisen.ch\/index.php?rest_route=%2Fwp%2Fv2%2Fmedia&parent=53"}],"curies":[{"name":"wp","href":"https:\/\/api.w.org\/{rel}","templated":true}]}}