{"id":43,"date":"2021-12-08T10:03:19","date_gmt":"2021-12-08T10:03:19","guid":{"rendered":"https:\/\/warpelmeisen.ch\/?page_id=43"},"modified":"2022-11-16T18:14:59","modified_gmt":"2022-11-16T18:14:59","slug":"die-futterautomaten","status":"publish","type":"page","link":"https:\/\/warpelmeisen.ch\/?page_id=43","title":{"rendered":"Die Futterautomaten"},"content":{"rendered":"\n<p>Die aufgeh\u00e4ngten Futterautomaten wurden selbst hergestellt. Die Konzipierung ist auf Meisen ausgelegt und dementsprechend funktional, auch in der Handhabung. Die Futtermischung wird durch ein Rohr (Futtersilo) in den Unterteller gef\u00fchrt. Mittels \u00d6ffnungen unten, seitw\u00e4rts im Rohr, k\u00f6nnen die Sonnenblumenkerne nachrutschen, so dass eine stetige Menge vorr\u00e4tig ist.<\/p>\n\n\n\n<p class=\"has-text-align-left\">Die Automaten werden ab November zuerst nur alle paar Tage mit wenig Kernen bef\u00fcllt. Dies dient dazu, dass die V\u00f6gel sich langsam daran gew\u00f6hnen wo es Futter geben wird. Voll gef\u00fcttert werden sie erst w\u00e4hrend der Frost- und Winterzeit.<\/p>\n\n\n\n<figure class=\"wp-block-image size-large is-resized\"><img loading=\"lazy\" decoding=\"async\" src=\"https:\/\/warpelmeisen.ch\/wp-content\/uploads\/2022\/01\/Futterautomat-768x1024.jpg\" alt=\"\" class=\"wp-image-256\" width=\"592\" height=\"789\" srcset=\"https:\/\/warpelmeisen.ch\/wp-content\/uploads\/2022\/01\/Futterautomat-768x1024.jpg 768w, https:\/\/warpelmeisen.ch\/wp-content\/uploads\/2022\/01\/Futterautomat-225x300.jpg 225w, https:\/\/warpelmeisen.ch\/wp-content\/uploads\/2022\/01\/Futterautomat-1152x1536.jpg 1152w, https:\/\/warpelmeisen.ch\/wp-content\/uploads\/2022\/01\/Futterautomat-1536x2048.jpg 1536w, https:\/\/warpelmeisen.ch\/wp-content\/uploads\/2022\/01\/Futterautomat-scaled.jpg 1920w\" sizes=\"auto, (max-width: 592px) 100vw, 592px\" \/><figcaption class=\"wp-element-caption\">Ein Beispiel eines platzierten Futterautomaten mit Fett-St\u00e4mmchen.<\/figcaption><\/figure>\n\n\n\n<p><\/p>\n\n\n\n<p><\/p>\n\n\n\n<figure class=\"wp-block-gallery has-nested-images columns-default is-cropped wp-block-gallery-1 is-layout-flex wp-block-gallery-is-layout-flex\">\n<figure class=\"wp-block-image size-full\"><img loading=\"lazy\" decoding=\"async\" width=\"1920\" height=\"2560\" data-id=\"257\" src=\"https:\/\/warpelmeisen.ch\/wp-content\/uploads\/2022\/01\/IMG_20211109_084104-scaled.jpg\" alt=\"\" class=\"wp-image-257\" srcset=\"https:\/\/warpelmeisen.ch\/wp-content\/uploads\/2022\/01\/IMG_20211109_084104-scaled.jpg 1920w, https:\/\/warpelmeisen.ch\/wp-content\/uploads\/2022\/01\/IMG_20211109_084104-225x300.jpg 225w, https:\/\/warpelmeisen.ch\/wp-content\/uploads\/2022\/01\/IMG_20211109_084104-768x1024.jpg 768w, https:\/\/warpelmeisen.ch\/wp-content\/uploads\/2022\/01\/IMG_20211109_084104-1152x1536.jpg 1152w, https:\/\/warpelmeisen.ch\/wp-content\/uploads\/2022\/01\/IMG_20211109_084104-1536x2048.jpg 1536w\" sizes=\"auto, (max-width: 1920px) 100vw, 1920px\" \/><\/figure>\n\n\n\n<figure class=\"wp-block-image size-full\"><img loading=\"lazy\" decoding=\"async\" width=\"1920\" height=\"2560\" data-id=\"258\" src=\"https:\/\/warpelmeisen.ch\/wp-content\/uploads\/2022\/01\/IMG_20211206_093146-scaled.jpg\" alt=\"\" class=\"wp-image-258\" srcset=\"https:\/\/warpelmeisen.ch\/wp-content\/uploads\/2022\/01\/IMG_20211206_093146-scaled.jpg 1920w, https:\/\/warpelmeisen.ch\/wp-content\/uploads\/2022\/01\/IMG_20211206_093146-225x300.jpg 225w, https:\/\/warpelmeisen.ch\/wp-content\/uploads\/2022\/01\/IMG_20211206_093146-768x1024.jpg 768w, https:\/\/warpelmeisen.ch\/wp-content\/uploads\/2022\/01\/IMG_20211206_093146-1152x1536.jpg 1152w, https:\/\/warpelmeisen.ch\/wp-content\/uploads\/2022\/01\/IMG_20211206_093146-1536x2048.jpg 1536w\" sizes=\"auto, (max-width: 1920px) 100vw, 1920px\" \/><\/figure>\n<figcaption class=\"blocks-gallery-caption wp-element-caption\">Prouktion Futterautomaten mit Unterteller und PVC-R\u00f6hren.<\/figcaption><\/figure>\n\n\n\n<p><\/p>\n\n\n\n<p>Weitere G\u00e4ste an den Futterstellen:<\/p>\n\n\n\n<figure class=\"wp-block-gallery has-nested-images columns-default is-cropped wp-block-gallery-2 is-layout-flex wp-block-gallery-is-layout-flex\">\n<figure class=\"wp-block-image size-large\"><img loading=\"lazy\" decoding=\"async\" width=\"772\" height=\"1024\" data-id=\"326\" src=\"https:\/\/warpelmeisen.ch\/wp-content\/uploads\/2022\/01\/IMG_20211228_170211-1-772x1024.jpg\" alt=\"\" class=\"wp-image-326\" srcset=\"https:\/\/warpelmeisen.ch\/wp-content\/uploads\/2022\/01\/IMG_20211228_170211-1-772x1024.jpg 772w, https:\/\/warpelmeisen.ch\/wp-content\/uploads\/2022\/01\/IMG_20211228_170211-1-226x300.jpg 226w, https:\/\/warpelmeisen.ch\/wp-content\/uploads\/2022\/01\/IMG_20211228_170211-1-768x1018.jpg 768w, https:\/\/warpelmeisen.ch\/wp-content\/uploads\/2022\/01\/IMG_20211228_170211-1-1159x1536.jpg 1159w, https:\/\/warpelmeisen.ch\/wp-content\/uploads\/2022\/01\/IMG_20211228_170211-1-1545x2048.jpg 1545w, https:\/\/warpelmeisen.ch\/wp-content\/uploads\/2022\/01\/IMG_20211228_170211-1-scaled.jpg 1931w\" sizes=\"auto, (max-width: 772px) 100vw, 772px\" \/><figcaption class=\"wp-element-caption\">Buchfink (M\u00e4nnchen)<\/figcaption><\/figure>\n\n\n\n<figure class=\"wp-block-image size-large\"><img loading=\"lazy\" decoding=\"async\" width=\"768\" height=\"1024\" data-id=\"345\" src=\"https:\/\/warpelmeisen.ch\/wp-content\/uploads\/2022\/01\/IMG_20211214_182303-1-768x1024.jpg\" alt=\"\" class=\"wp-image-345\" srcset=\"https:\/\/warpelmeisen.ch\/wp-content\/uploads\/2022\/01\/IMG_20211214_182303-1-768x1024.jpg 768w, https:\/\/warpelmeisen.ch\/wp-content\/uploads\/2022\/01\/IMG_20211214_182303-1-225x300.jpg 225w, https:\/\/warpelmeisen.ch\/wp-content\/uploads\/2022\/01\/IMG_20211214_182303-1-1152x1536.jpg 1152w, https:\/\/warpelmeisen.ch\/wp-content\/uploads\/2022\/01\/IMG_20211214_182303-1-1536x2048.jpg 1536w, https:\/\/warpelmeisen.ch\/wp-content\/uploads\/2022\/01\/IMG_20211214_182303-1-scaled.jpg 1920w\" sizes=\"auto, (max-width: 768px) 100vw, 768px\" \/><figcaption class=\"wp-element-caption\">Rotkehlchen<\/figcaption><\/figure>\n<\/figure>\n","protected":false},"excerpt":{"rendered":"<p>Die aufgeh\u00e4ngten Futterautomaten wurden selbst hergestellt. Die Konzipierung ist auf Meisen ausgelegt und dementsprechend funktional, auch in der Handhabung. Die Futtermischung wird durch ein Rohr &hellip;<\/p>\n","protected":false},"author":1,"featured_media":167,"parent":0,"menu_order":4,"comment_status":"closed","ping_status":"closed","template":"","meta":{"footnotes":""},"class_list":["post-43","page","type-page","status-publish","has-post-thumbnail","hentry"],"_links":{"self":[{"href":"https:\/\/warpelmeisen.ch\/index.php?rest_route=\/wp\/v2\/pages\/43","targetHints":{"allow":["GET"]}}],"collection":[{"href":"https:\/\/warpelmeisen.ch\/index.php?rest_route=\/wp\/v2\/pages"}],"about":[{"href":"https:\/\/warpelmeisen.ch\/index.php?rest_route=\/wp\/v2\/types\/page"}],"author":[{"embeddable":true,"href":"https:\/\/warpelmeisen.ch\/index.php?rest_route=\/wp\/v2\/users\/1"}],"replies":[{"embeddable":true,"href":"https:\/\/warpelmeisen.ch\/index.php?rest_route=%2Fwp%2Fv2%2Fcomments&post=43"}],"version-history":[{"count":18,"href":"https:\/\/warpelmeisen.ch\/index.php?rest_route=\/wp\/v2\/pages\/43\/revisions"}],"predecessor-version":[{"id":611,"href":"https:\/\/warpelmeisen.ch\/index.php?rest_route=\/wp\/v2\/pages\/43\/revisions\/611"}],"wp:featuredmedia":[{"embeddable":true,"href":"https:\/\/warpelmeisen.ch\/index.php?rest_route=\/wp\/v2\/media\/167"}],"wp:attachment":[{"href":"https:\/\/warpelmeisen.ch\/index.php?rest_route=%2Fwp%2Fv2%2Fmedia&parent=43"}],"curies":[{"name":"wp","href":"https:\/\/api.w.org\/{rel}","templated":true}]}}