{"id":238,"date":"2022-01-03T10:49:22","date_gmt":"2022-01-03T10:49:22","guid":{"rendered":"https:\/\/warpelmeisen.ch\/?page_id=238"},"modified":"2022-11-16T18:02:03","modified_gmt":"2022-11-16T18:02:03","slug":"warpel","status":"publish","type":"page","link":"https:\/\/warpelmeisen.ch\/?page_id=238","title":{"rendered":"Warpel"},"content":{"rendered":"\n<figure class=\"wp-block-image size-large\"><img loading=\"lazy\" decoding=\"async\" width=\"1024\" height=\"768\" src=\"https:\/\/warpelmeisen.ch\/wp-content\/uploads\/2022\/01\/IMG_20211205_100626-1024x768.jpg\" alt=\"\" class=\"wp-image-329\" srcset=\"https:\/\/warpelmeisen.ch\/wp-content\/uploads\/2022\/01\/IMG_20211205_100626-1024x768.jpg 1024w, https:\/\/warpelmeisen.ch\/wp-content\/uploads\/2022\/01\/IMG_20211205_100626-300x225.jpg 300w, https:\/\/warpelmeisen.ch\/wp-content\/uploads\/2022\/01\/IMG_20211205_100626-768x576.jpg 768w, https:\/\/warpelmeisen.ch\/wp-content\/uploads\/2022\/01\/IMG_20211205_100626-1536x1152.jpg 1536w, https:\/\/warpelmeisen.ch\/wp-content\/uploads\/2022\/01\/IMG_20211205_100626-2048x1536.jpg 2048w, https:\/\/warpelmeisen.ch\/wp-content\/uploads\/2022\/01\/IMG_20211205_100626-400x300.jpg 400w\" sizes=\"auto, (max-width: 1024px) 100vw, 1024px\" \/><\/figure>\n\n\n\n<p>Der \u00bbWarpel\u00ab ist gr\u00f6sstenteils ein Naturschutzgebiet, \u00f6stlich vom Dorfkern Embrach. Er liegt an der Westseite des H\u00fcgelzugs \u00bbBlauen\u00ab. Zwischen Pfungen und Embrach erreicht er eine H\u00f6he von 609m \u00fcber Meer. Der h\u00f6chste Punkt liegt nahe am Aussichtspunkt \u00bbTisch\u00ab, von wo man die Orte D\u00e4ttlikon, Pfungen, Neftenbach sowie Teile des Winterthurer Umlands sehen kann. Selbst ins nahe Z\u00fcrcher Weinland kann man bei guter Sicht blicken.<\/p>\n\n\n\n<figure class=\"wp-block-gallery has-nested-images columns-default is-cropped wp-block-gallery-1 is-layout-flex wp-block-gallery-is-layout-flex\">\n<figure class=\"wp-block-image size-large\"><img loading=\"lazy\" decoding=\"async\" width=\"768\" height=\"1024\" data-id=\"546\" src=\"https:\/\/warpelmeisen.ch\/wp-content\/uploads\/2022\/11\/IMG_20221112_091058-768x1024.jpg\" alt=\"\" class=\"wp-image-546\" srcset=\"https:\/\/warpelmeisen.ch\/wp-content\/uploads\/2022\/11\/IMG_20221112_091058-768x1024.jpg 768w, https:\/\/warpelmeisen.ch\/wp-content\/uploads\/2022\/11\/IMG_20221112_091058-225x300.jpg 225w, https:\/\/warpelmeisen.ch\/wp-content\/uploads\/2022\/11\/IMG_20221112_091058-1152x1536.jpg 1152w, https:\/\/warpelmeisen.ch\/wp-content\/uploads\/2022\/11\/IMG_20221112_091058-1536x2048.jpg 1536w, https:\/\/warpelmeisen.ch\/wp-content\/uploads\/2022\/11\/IMG_20221112_091058-scaled.jpg 1920w\" sizes=\"auto, (max-width: 768px) 100vw, 768px\" \/><\/figure>\n<\/figure>\n\n\n\n<p>Auf dieser Fl\u00e4che sind die Futterautomaten, sowie auch die Fettst\u00e4mmchen, im Naturschutzgebiet Warpel und dessen Umgebung verteilt. Diese bel\u00e4uft sich auf \u00fcber 7 Quadratkilometer. Das Einzugsgebiet f\u00fcr Meisen betr\u00e4gt \u00fcber 10 Quadratkilometer. Angrenzende Gemeinden (gr\u00fcne Fl\u00e4che) sind: Embrach, Oberembrach und Pfungen\/D\u00e4ttlikon.<\/p>\n","protected":false},"excerpt":{"rendered":"<p>Der \u00bbWarpel\u00ab ist gr\u00f6sstenteils ein Naturschutzgebiet, \u00f6stlich vom Dorfkern Embrach. Er liegt an der Westseite des H\u00fcgelzugs \u00bbBlauen\u00ab. Zwischen Pfungen und Embrach erreicht er eine &hellip;<\/p>\n","protected":false},"author":1,"featured_media":0,"parent":0,"menu_order":1,"comment_status":"closed","ping_status":"closed","template":"","meta":{"footnotes":""},"class_list":["post-238","page","type-page","status-publish","hentry"],"_links":{"self":[{"href":"https:\/\/warpelmeisen.ch\/index.php?rest_route=\/wp\/v2\/pages\/238","targetHints":{"allow":["GET"]}}],"collection":[{"href":"https:\/\/warpelmeisen.ch\/index.php?rest_route=\/wp\/v2\/pages"}],"about":[{"href":"https:\/\/warpelmeisen.ch\/index.php?rest_route=\/wp\/v2\/types\/page"}],"author":[{"embeddable":true,"href":"https:\/\/warpelmeisen.ch\/index.php?rest_route=\/wp\/v2\/users\/1"}],"replies":[{"embeddable":true,"href":"https:\/\/warpelmeisen.ch\/index.php?rest_route=%2Fwp%2Fv2%2Fcomments&post=238"}],"version-history":[{"count":15,"href":"https:\/\/warpelmeisen.ch\/index.php?rest_route=\/wp\/v2\/pages\/238\/revisions"}],"predecessor-version":[{"id":612,"href":"https:\/\/warpelmeisen.ch\/index.php?rest_route=\/wp\/v2\/pages\/238\/revisions\/612"}],"wp:attachment":[{"href":"https:\/\/warpelmeisen.ch\/index.php?rest_route=%2Fwp%2Fv2%2Fmedia&parent=238"}],"curies":[{"name":"wp","href":"https:\/\/api.w.org\/{rel}","templated":true}]}}